{"id":94551,"date":"2025-10-18T12:12:58","date_gmt":"2025-10-18T12:12:58","guid":{"rendered":"https:\/\/casadecampodev.wpenginepowered.com\/golf\/para-socios-de-mil-verdes\/"},"modified":"2026-04-07T11:32:41","modified_gmt":"2026-04-07T15:32:41","slug":"para-socios-de-mil-verdes","status":"publish","type":"page","link":"https:\/\/www.casadecampo.com.do\/es\/golf\/para-socios-de-mil-verdes\/","title":{"rendered":"Para Socios De Mil Verdes."},"content":{"rendered":"\n<div class=\"wp-block-cover alignfull sub-hero-banner\" style=\"min-height:100vh;aspect-ratio:unset;\"><img loading=\"lazy\" decoding=\"async\" width=\"1920\" height=\"1282\" class=\"wp-block-cover__image-background wp-image-85109 size-full\" alt=\"\" src=\"https:\/\/www.casadecampo.com.do\/wp-content\/uploads\/2025\/10\/2_-CdC-Aerial-Shot-Dye-Fore-scaled-1.jpg\" data-object-fit=\"cover\" srcset=\"https:\/\/www.casadecampo.com.do\/wp-content\/uploads\/2025\/10\/2_-CdC-Aerial-Shot-Dye-Fore-scaled-1.jpg 1920w, https:\/\/www.casadecampo.com.do\/wp-content\/smush-webp\/2025\/10\/2_-CdC-Aerial-Shot-Dye-Fore-scaled-1-300x200.jpg.webp 300w, https:\/\/www.casadecampo.com.do\/wp-content\/smush-webp\/2025\/10\/2_-CdC-Aerial-Shot-Dye-Fore-scaled-1-1024x684.jpg.webp 1024w, https:\/\/www.casadecampo.com.do\/wp-content\/smush-webp\/2025\/10\/2_-CdC-Aerial-Shot-Dye-Fore-scaled-1-768x513.jpg.webp 768w, https:\/\/www.casadecampo.com.do\/wp-content\/smush-webp\/2025\/10\/2_-CdC-Aerial-Shot-Dye-Fore-scaled-1-391x260.jpg.webp 391w, https:\/\/www.casadecampo.com.do\/wp-content\/smush-webp\/2025\/10\/2_-CdC-Aerial-Shot-Dye-Fore-scaled-1-1536x1026.jpg.webp 1536w, https:\/\/www.casadecampo.com.do\/wp-content\/smush-webp\/2025\/10\/2_-CdC-Aerial-Shot-Dye-Fore-scaled-1-150x100.jpg.webp 150w, https:\/\/www.casadecampo.com.do\/wp-content\/smush-webp\/2025\/10\/2_-CdC-Aerial-Shot-Dye-Fore-scaled-1-600x400.jpg.webp 600w, https:\/\/www.casadecampo.com.do\/wp-content\/smush-webp\/2025\/10\/2_-CdC-Aerial-Shot-Dye-Fore-scaled-1-900x600.jpg.webp 900w\" sizes=\"auto, (max-width: 1920px) 100vw, 1920px\" \/><span aria-hidden=\"true\" class=\"wp-block-cover__background has-secondary-background-color has-background-dim-10 has-background-dim\"><\/span><div class=\"wp-block-cover__inner-container is-layout-flow wp-block-cover-is-layout-flow\"><div class=\"yoast-breadcrumbs is-style-centre-justified\"><span><span><a href=\"https:\/\/www.casadecampo.com.do\/es\/\">Inicio<\/a><\/span> <span class=\"separator\"><\/span> <span><a href=\"https:\/\/www.casadecampo.com.do\/es\/golf\/\">Golf<\/a><\/span> <span class=\"separator\"><\/span> <span class=\"breadcrumb_last\" aria-current=\"page\">Para Socios De Mil Verdes.<\/span><\/span><\/div><\/div><\/div>\n\n\n\n<div class=\"wp-block-group columns-heading-with-text-cta is-style-has-border-bottom has-global-padding is-content-justification-center is-layout-constrained wp-block-group-is-layout-constrained\" style=\"padding-top:var(--wp--preset--spacing--56);padding-bottom:var(--wp--preset--spacing--120)\">\n<div class=\"wp-block-columns is-layout-flex wp-container-core-columns-is-layout-b987c810 wp-block-columns-is-layout-flex\">\n<div class=\"wp-block-column is-layout-flow wp-block-column-is-layout-flow\" style=\"padding-bottom:var(--wp--preset--spacing--24)\">\n<h1 class=\"wp-block-heading has-xx-large-font-size\" style=\"margin-bottom:var(--wp--preset--spacing--36)\">Para Socios De Mil Verdes<\/h1>\n\n\n\n<h2 class=\"wp-block-heading has-tertiary-color has-text-color has-link-color has-arial-font-family has-caption-font-size wp-elements-81f7865c9ce4711de5e68b25a8b55be5\" style=\"margin-bottom:var(--wp--preset--spacing--32);letter-spacing:2.16px\">Solo Para Miembros Exclusivos<\/h2>\n\n\n\n<figure class=\"wp-block-image size-full is-resized\"><img loading=\"lazy\" decoding=\"async\" width=\"542\" height=\"516\" src=\"https:\/\/www.casadecampo.com.do\/wp-content\/uploads\/2020\/08\/ThousandGreens_logo-color-vertical.png\" alt=\"Programa exclusivo de Thousand Greens\" class=\"wp-image-49640\" style=\"width:200px\"\/><\/figure>\n<\/div>\n\n\n\n<div class=\"wp-block-column is-layout-flow wp-block-column-is-layout-flow\">\n<div class=\"wp-block-group has-global-padding is-layout-constrained wp-block-group-is-layout-constrained\">\n<p>Los miembros de Thousand Greens obtienen m\u00e1s cuando vienen a Casa de Campo\u00ae Resort &amp; Villas. Agregue m\u00e1s valor a su viaje con una oferta exclusiva para miembros de Thousand Greens que incluye beneficios exclusivos y tratamiento VIP. <\/p>\n\n\n\n<ul class=\"wp-block-list is-style-bullet-square has-secondary-color has-text-color has-link-color wp-elements-7a8a34b30aeb687e20db73caf3e39db7\">\n<li>Mejora gratuita sujeta a disponibilidad<\/li>\n\n\n\n<li>Clase de golf gratuita de una hora con nuestro instructor principal en nuestro moderno Centro de Aprendizaje de Golf Trackman.<\/li>\n\n\n\n<li>Desayuno diario para dos en el restaurante Lago<\/li>\n\n\n\n<li>Ajuste gratuito de palos Titleist en el Centro de Aprendizaje de Golf Casa de Campo\u00ae<\/li>\n\n\n\n<li>Servicio de bienvenida VIP en la habitaci\u00f3n<\/li>\n\n\n\n<li>Utilice el siguiente c\u00f3digo de cup\u00f3n al reservar para recibir todos estos beneficios exclusivos: THOUSANDGREEENS<\/li>\n<\/ul>\n<\/div>\n<\/div>\n<\/div>\n<\/div>\n\n\n\n<div class=\"wp-block-group gallery-carousel is-style-has-border-bottom has-global-padding is-layout-constrained wp-container-core-group-is-layout-97c2dbd9 wp-block-group-is-layout-constrained\" style=\"padding-top:var(--wp--preset--spacing--120);padding-right:0;padding-bottom:var(--wp--preset--spacing--120);padding-left:0\">\n<div class=\"wp-block-columns gallery-carousel__carousel columns-carousel-2 slide-spacing-medium carousel-overflow-visible show-carousel-nav is-layout-flex wp-container-core-columns-is-layout-65485c27 wp-block-columns-is-layout-flex\" style=\"margin-bottom:var(--wp--preset--spacing--48);padding-right:0;padding-left:0\">\n<div class=\"wp-block-column is-layout-flow wp-block-column-is-layout-flow\">\n<a class=\"wp-block-custom-group-link\" href=\"#\">\n<figure class=\"wp-block-image size-full aspect-ratio-Portrait\"><img loading=\"lazy\" decoding=\"async\" width=\"1400\" height=\"800\" src=\"https:\/\/www.casadecampo.com.do\/wp-content\/uploads\/2019\/02\/golf-pro-shop.jpg\" alt=\"Centro de Aprendizaje y Campo de Pr\u00e1cticas de Golf Casa de Campo en la Rep\u00fablica Dominicana\" class=\"wp-image-30841\" style=\"aspect-ratio:496 \/ 596;object-fit:cover\"\/><\/figure>\n<\/a>\n<\/div>\n\n\n\n<div class=\"wp-block-column is-layout-flow wp-block-column-is-layout-flow\">\n<a class=\"wp-block-custom-group-link\" href=\"#\">\n<figure class=\"wp-block-image size-full aspect-ratio-Portrait\"><img loading=\"lazy\" decoding=\"async\" width=\"1400\" height=\"800\" src=\"https:\/\/www.casadecampo.com.do\/wp-content\/uploads\/2019\/01\/Golf-Learning-Center_header-2.jpg\" alt=\"\" class=\"wp-image-29960\" style=\"aspect-ratio:496 \/ 596;object-fit:cover\"\/><\/figure>\n<\/a>\n<\/div>\n\n\n\n<div class=\"wp-block-column is-layout-flow wp-block-column-is-layout-flow\">\n<a class=\"wp-block-custom-group-link\" href=\"#\">\n<figure class=\"wp-block-image size-full aspect-ratio-Portrait\"><img loading=\"lazy\" decoding=\"async\" width=\"1920\" height=\"1080\" src=\"https:\/\/www.casadecampo.com.do\/wp-content\/uploads\/2019\/01\/teeth-of-the-dog-golf-26.jpg\" alt=\"\" class=\"wp-image-30449\" style=\"aspect-ratio:496 \/ 596;object-fit:cover\"\/><\/figure>\n<\/a>\n<\/div>\n<\/div>\n<\/div>\n\n\n\n<div class=\"wp-block-group alignwide columns-heading-with-text-cta is-style-has-border-bottom has-global-padding is-content-justification-center is-layout-constrained wp-block-group-is-layout-constrained\" id=\"contact\" style=\"padding-top:var(--wp--preset--spacing--56);padding-bottom:var(--wp--preset--spacing--120)\">\n<div class=\"wp-block-columns alignwide is-layout-flex wp-container-core-columns-is-layout-b987c810 wp-block-columns-is-layout-flex\">\n<div class=\"wp-block-column is-layout-flow wp-block-column-is-layout-flow\" style=\"padding-bottom:var(--wp--preset--spacing--24)\">\n<h2 class=\"wp-block-heading has-x-large-font-size\">\u00bfA qu\u00e9 esperas?<\/h2>\n<\/div>\n\n\n\n<div class=\"wp-block-column is-layout-flow wp-block-column-is-layout-flow\">\n<p class=\"has-secondary-color has-text-color has-link-color wp-elements-79b9c2af0b232694c8b589ad87026fe0\">\u00bfTienes preguntas o necesitas ayuda para planificar tu experiencia de golf?<br>Nuestro equipo est\u00e1 aqu\u00ed para asistirte con horarios de salida, clases, eventos y m\u00e1s \u2014 solo cont\u00e1ctanos. <\/p>\n\n\n\n<p><strong>Para obtener m\u00e1s informaci\u00f3n, p\u00f3ngase en contacto con nosotros en:<\/strong><\/p>\n\n\n\n<p class=\"has-secondary-color has-text-color has-link-color wp-elements-6510130cc5dfb47267732b73c942bac2\">Toll free: <a href=\"tel:866-921-1176\">866.921.1176<\/a><br>Email: <a href=\"mailto:res1@ccampo.com.do\">res1@ccampo.com.do<\/a><\/p>\n\n\n\n<div class=\"wp-block-buttons is-horizontal is-content-justification-left is-layout-flex wp-container-core-buttons-is-layout-5ff15a76 wp-block-buttons-is-layout-flex\">\n<div class=\"wp-block-button is-style-primary-with-user-icon\"><a class=\"wp-block-button__link wp-element-button\" href=\"https:\/\/www.casadecampo.com.do\/es\/golf\/golf-contact-form\/\" style=\"text-transform:capitalize\">Enviar Mensaje<\/a><\/div>\n<\/div>\n<\/div>\n<\/div>\n<\/div>\n\n\n\n<div class=\"wp-block-group is-style-has-border-bottom has-global-padding is-layout-constrained wp-block-group-is-layout-constrained\" style=\"border-top-style:none;border-top-width:0px;border-right-style:none;border-right-width:0px;border-bottom-color:var(--wp--preset--color--quinary);border-bottom-style:none;border-bottom-width:0px;border-left-style:none;border-left-width:0px;padding-top:var(--wp--preset--spacing--120);padding-bottom:var(--wp--preset--spacing--120)\">\n<h2 class=\"wp-block-heading has-text-align-center has-large-font-size\" style=\"margin-top:0;margin-bottom:var(--wp--preset--spacing--8)\">Reg\u00edstrese para recibir nuestras \u00faltimas ofertas y actualizaciones.<\/h2>\n\n\n\n<p class=\"has-text-align-center has-black-color has-text-color has-link-color wp-elements-ace55d6a1e4e5f96c25c0fb4f3471f1d\" style=\"margin-top:0;margin-bottom:0\">No se pierdan las novedades que a\u00fan est\u00e1n por venir. Respetamos su privacidad. <\/p>\n\n\n\n<!-- SIGN-UP FORM -->\n<script type=\"text\/javascript\" src=\"\/\/contact-api.inguest.com\/bundles\/revinatecontactapi\/js\/revinate-form.js?v=1\"><\/script>\n<div class=\"email-signup\">\n  <div class=\"subscription-form-wrapper\">\n    <div class=\"subscription-form-message\"><\/div>\n    <form id=\"revinate_contact_api_form\" class=\"subscription-form\" onsubmit=\"handleRevFormSubmit()\">\n      <div class=\"form-group\">\n        <div class=\"subscription-form-field\">\n          <input name=\"email\" type=\"email\" aria-label=\"Email\" class=\"large form-control\" tabindex=\"49\" placeholder=\"Correo Electr\u00f3nico\" autocomplete=\"off\" required=\"\"\/>\n        <\/div>\n        <div class=\"subscription-form-submit\">\n          <button type=\"submit\" class=\"btn btn-primary btn-primary-with-arrow\" tabindex=\"50\">Suscr\u00edbase al bolet\u00edn<\/button>\n        <\/div>\n      <\/div>\n      <div class=\"subscription-form-checkbox\">\n        <label for=\"email-sign-up-terms\">\n          <input type=\"checkbox\" name=\"email-sign-up-terms\" id=\"email-sign-up-terms\" required=\"\"\/>\n          <span>Al registrarse, acepta nuestra <a href=\"https:\/\/www.casadecampo.com.do\/es\/resources\/privacy-policy\/\">Pol\u00edtica de Privacidad<\/a>.<\/span>\n        <\/label>\n      <\/div>\n    <\/form>\n  <\/div>\n<\/div>\n<script>\n  const currentLanguage = document.documentElement.lang.substring(0, 2);\n  const reinvateForm = document.querySelector(\".subscription-form\");\n  const reinvateFormInput = document.querySelector(\n    \".subscription-form-field input[type='email']\"\n  );\n  const reinvateFormSubmit = document.querySelector(\n    \".subscription-form-submit button[type='submit']\"\n  );\n  const reinvateFormMessage = document.querySelector(\n    \".subscription-form-message\"\n  );\n  const reinvateConfig = {\n    en: {\n      token: \"376ff420-b4b0-41b2-ab17-3b5b5f3ebaf3\",\n      content: {\n        successMessage: {\n          title: \"Thank you for subscribing!\",\n          body: \"We will be in touch soon.\",\n        },\n        failedMessage: {\n          title: \"Submission failed.\",\n          body: \"Please try again.\",\n        },\n        submitButton: \"Sign Up\",\n        input: {\n          label: \"Email\",\n          placeholder: \"Your email address...\",\n        },\n      },\n    },\n    es: {\n      token: \"82751c63-cff9-47fb-9a21-e554c02dacdb\",\n      content: {\n        successMessage: {\n          title: \"\u00a1Gracias por suscribirse!\",\n          body: \"Estaremos en contacto pronto.\",\n        },\n        failedMessage: {\n          title: \"Algo sali\u00f3 mal.\",\n          body: \"Por favor int\u00e9ntelo de nuevo.\",\n        },\n        submitButton: \"Suscr\u00edbase al bolet\u00edn\",\n        input: {\n          label: \"Correo electr\u00f3nico\",\n          placeholder: \"Correo electr\u00f3nico...\",\n        },\n      },\n    },\n  };\n  reinvateForm.setAttribute(\"token\", reinvateConfig[currentLanguage].token);\n  reinvateFormInput.setAttribute(\n    \"aria-label\",\n    reinvateConfig[currentLanguage].content.input.label\n  );\n  reinvateFormInput.setAttribute(\n    \"placeholder\",\n    reinvateConfig[currentLanguage].content.input.placeholder\n  );\n  reinvateFormSubmit.innerHTML =\n    reinvateConfig[currentLanguage].content.submitButton;\n  function handleRevFormSubmit() {\n    event.preventDefault();\n    reinvateFormMessage.style.display = \"none\";\n    revFormOnSubmit();\n    const checkSubmissionInterval = setInterval(() => {\n      if (reinvateFormSubmit.textContent.toLowerCase() === \"submitted\") {\n        reinvateForm.style.display = \"none\";\n        reinvateFormMessage.innerHTML = `\n              <h5>${reinvateConfig[currentLanguage].content.successMessage.title}\n              <p>${reinvateConfig[currentLanguage].content.successMessage.body}\n            `;\n        reinvateFormMessage.style.display = \"block\";\n        clearInterval(checkSubmissionInterval);\n      }\n      if (reinvateFormSubmit.textContent.toLowerCase() === \"failed\") {\n        reinvateFormMessage.innerHTML = `\n              <h5>${reinvateConfig[currentLanguage].content.failedMessage.title}\n              <p>${reinvateConfig[currentLanguage].content.failedMessage.body}\n            `;\n        reinvateFormMessage.style.display = \"block\";\n        reinvateFormSubmit.innerHTML = \"Subscribed to Newsletter\";\n        clearInterval(checkSubmissionInterval);\n      }\n    }, 100);\n  }\n  function getCookie(name) {\n    const value = `; ${document.cookie}`;\n    const parts = value.split(`; ${name}=`);\n    if (parts.length === 2) return parts.pop().split(\";\").shift();\n  }\n<\/script>\n<!-- END SIGN-UP FORM -->\n\n\n\n<p class=\"has-text-align-center has-septenary-color has-text-color has-link-color has-body-extra-small-font-size wp-elements-546f9c8cdc7707a7a6ab255e57f31f1f\" style=\"margin-top:var(--wp--preset--spacing--32)\">Podr\u00e1 darse de baja en cualquier momento.<\/p>\n<\/div>\n","protected":false},"excerpt":{"rendered":"<p>Para Socios De Mil Verdes Solo Para Miembros Exclusivos Los miembros de Thousand Greens obtienen m\u00e1s cuando vienen a Casa de Campo\u00ae Resort &amp; Villas. Agregue m\u00e1s valor a su viaje con una oferta exclusiva para miembros de Thousand Greens que incluye beneficios exclusivos y tratamiento VIP. \u00bfA qu\u00e9 esperas? \u00bfTienes preguntas o necesitas ayuda [&hellip;]<\/p>\n","protected":false},"author":7,"featured_media":0,"parent":94152,"menu_order":0,"comment_status":"closed","ping_status":"closed","template":"","meta":{"_acf_changed":false,"footnotes":""},"class_list":["post-94551","page","type-page","status-publish","hentry"],"acf":[],"yoast_head":"<!-- This site is optimized with the Yoast SEO plugin v27.2 - https:\/\/yoast.com\/product\/yoast-seo-wordpress\/ -->\n<title>Para Socios De Mil Verdes. | Casa de Campo<\/title>\n<meta name=\"description\" content=\"Los miembros de Thousand Greens obtienen m\u00e1s cuando vienen a Casa de Campo\u00ae Resort &amp; Villas. Agregue m\u00e1s valor a su viaje con una oferta exclusiva para miembros de Thousand Greens que incluye beneficios exclusivos y tratamiento VIP.\" \/>\n<meta name=\"robots\" content=\"index, follow, max-snippet:-1, max-image-preview:large, max-video-preview:-1\" \/>\n<link rel=\"canonical\" href=\"https:\/\/www.casadecampo.com.do\/es\/golf\/para-socios-de-mil-verdes\/\" \/>\n<meta property=\"og:locale\" content=\"es_ES\" \/>\n<meta property=\"og:type\" content=\"article\" \/>\n<meta property=\"og:title\" content=\"Para Socios De Mil Verdes. | Casa de Campo\" \/>\n<meta property=\"og:description\" content=\"Los miembros de Thousand Greens obtienen m\u00e1s cuando vienen a Casa de Campo\u00ae Resort &amp; Villas. Agregue m\u00e1s valor a su viaje con una oferta exclusiva para miembros de Thousand Greens que incluye beneficios exclusivos y tratamiento VIP.\" \/>\n<meta property=\"og:url\" content=\"https:\/\/www.casadecampo.com.do\/es\/golf\/para-socios-de-mil-verdes\/\" \/>\n<meta property=\"og:site_name\" content=\"Casa de Campo\" \/>\n<meta property=\"article:modified_time\" content=\"2026-04-07T15:32:41+00:00\" \/>\n<meta property=\"og:image\" content=\"https:\/\/www.casadecampo.com.do\/wp-content\/uploads\/2025\/10\/2_-CdC-Aerial-Shot-Dye-Fore-scaled-1.jpg\" \/>\n\t<meta property=\"og:image:width\" content=\"1920\" \/>\n\t<meta property=\"og:image:height\" content=\"1282\" \/>\n\t<meta property=\"og:image:type\" content=\"image\/jpeg\" \/>\n<meta name=\"twitter:card\" content=\"summary_large_image\" \/>\n<meta name=\"twitter:label1\" content=\"Tiempo de lectura\" \/>\n\t<meta name=\"twitter:data1\" content=\"2 minutos\" \/>\n<!-- \/ Yoast SEO plugin. -->","yoast_head_json":{"title":"Para Socios De Mil Verdes. | Casa de Campo","description":"Los miembros de Thousand Greens obtienen m\u00e1s cuando vienen a Casa de Campo\u00ae Resort & Villas. Agregue m\u00e1s valor a su viaje con una oferta exclusiva para miembros de Thousand Greens que incluye beneficios exclusivos y tratamiento VIP.","robots":{"index":"index","follow":"follow","max-snippet":"max-snippet:-1","max-image-preview":"max-image-preview:large","max-video-preview":"max-video-preview:-1"},"canonical":"https:\/\/www.casadecampo.com.do\/es\/golf\/para-socios-de-mil-verdes\/","og_locale":"es_ES","og_type":"article","og_title":"Para Socios De Mil Verdes. | Casa de Campo","og_description":"Los miembros de Thousand Greens obtienen m\u00e1s cuando vienen a Casa de Campo\u00ae Resort & Villas. Agregue m\u00e1s valor a su viaje con una oferta exclusiva para miembros de Thousand Greens que incluye beneficios exclusivos y tratamiento VIP.","og_url":"https:\/\/www.casadecampo.com.do\/es\/golf\/para-socios-de-mil-verdes\/","og_site_name":"Casa de Campo","article_modified_time":"2026-04-07T15:32:41+00:00","og_image":[{"width":1920,"height":1282,"url":"https:\/\/www.casadecampo.com.do\/wp-content\/uploads\/2025\/10\/2_-CdC-Aerial-Shot-Dye-Fore-scaled-1.jpg","type":"image\/jpeg"}],"twitter_card":"summary_large_image","twitter_misc":{"Tiempo de lectura":"2 minutos"},"schema":{"@context":"https:\/\/schema.org","@graph":[{"@type":"WebPage","@id":"https:\/\/www.casadecampo.com.do\/es\/golf\/para-socios-de-mil-verdes\/","url":"https:\/\/www.casadecampo.com.do\/es\/golf\/para-socios-de-mil-verdes\/","name":"Para Socios De Mil Verdes. | Casa de Campo","isPartOf":{"@id":"https:\/\/www.casadecampo.com.do\/es\/#website"},"primaryImageOfPage":{"@id":"https:\/\/www.casadecampo.com.do\/es\/golf\/para-socios-de-mil-verdes\/#primaryimage"},"image":{"@id":"https:\/\/www.casadecampo.com.do\/es\/golf\/para-socios-de-mil-verdes\/#primaryimage"},"thumbnailUrl":"https:\/\/www.casadecampo.com.do\/wp-content\/uploads\/2025\/10\/2_-CdC-Aerial-Shot-Dye-Fore-scaled-1.jpg","datePublished":"2025-10-18T12:12:58+00:00","dateModified":"2026-04-07T15:32:41+00:00","description":"Los miembros de Thousand Greens obtienen m\u00e1s cuando vienen a Casa de Campo\u00ae Resort & Villas. Agregue m\u00e1s valor a su viaje con una oferta exclusiva para miembros de Thousand Greens que incluye beneficios exclusivos y tratamiento VIP.","breadcrumb":{"@id":"https:\/\/www.casadecampo.com.do\/es\/golf\/para-socios-de-mil-verdes\/#breadcrumb"},"inLanguage":"es","potentialAction":[{"@type":"ReadAction","target":["https:\/\/www.casadecampo.com.do\/es\/golf\/para-socios-de-mil-verdes\/"]}]},{"@type":"ImageObject","inLanguage":"es","@id":"https:\/\/www.casadecampo.com.do\/es\/golf\/para-socios-de-mil-verdes\/#primaryimage","url":"https:\/\/www.casadecampo.com.do\/wp-content\/uploads\/2025\/10\/2_-CdC-Aerial-Shot-Dye-Fore-scaled-1.jpg","contentUrl":"https:\/\/www.casadecampo.com.do\/wp-content\/uploads\/2025\/10\/2_-CdC-Aerial-Shot-Dye-Fore-scaled-1.jpg"},{"@type":"BreadcrumbList","@id":"https:\/\/www.casadecampo.com.do\/es\/golf\/para-socios-de-mil-verdes\/#breadcrumb","itemListElement":[{"@type":"ListItem","position":1,"name":"Inicio","item":"https:\/\/www.casadecampo.com.do\/es\/"},{"@type":"ListItem","position":2,"name":"Golf","item":"https:\/\/www.casadecampo.com.do\/es\/golf\/"},{"@type":"ListItem","position":3,"name":"Para Socios De Mil Verdes."}]},{"@type":"WebSite","@id":"https:\/\/www.casadecampo.com.do\/es\/#website","url":"https:\/\/www.casadecampo.com.do\/es\/","name":"Casa de Campo","description":"The most exclusive resort in the Caribbean","publisher":{"@id":"https:\/\/www.casadecampo.com.do\/es\/#organization"},"potentialAction":[{"@type":"SearchAction","target":{"@type":"EntryPoint","urlTemplate":"https:\/\/www.casadecampo.com.do\/es\/?s={search_term_string}"},"query-input":{"@type":"PropertyValueSpecification","valueRequired":true,"valueName":"search_term_string"}}],"inLanguage":"es"},{"@type":"Organization","@id":"https:\/\/www.casadecampo.com.do\/es\/#organization","name":"Casa de Campo Resort & Villas","url":"https:\/\/www.casadecampo.com.do\/es\/","logo":{"@type":"ImageObject","inLanguage":"es","@id":"https:\/\/www.casadecampo.com.do\/es\/#\/schema\/logo\/image\/","url":"https:\/\/www.casadecampo.com.do\/wp-content\/uploads\/2025\/09\/cdc-favicon.png","contentUrl":"https:\/\/www.casadecampo.com.do\/wp-content\/uploads\/2025\/09\/cdc-favicon.png","width":1024,"height":1009,"caption":"Casa de Campo Resort & Villas"},"image":{"@id":"https:\/\/www.casadecampo.com.do\/es\/#\/schema\/logo\/image\/"}}]}},"_links":{"self":[{"href":"https:\/\/www.casadecampo.com.do\/es\/wp-json\/wp\/v2\/pages\/94551","targetHints":{"allow":["GET"]}}],"collection":[{"href":"https:\/\/www.casadecampo.com.do\/es\/wp-json\/wp\/v2\/pages"}],"about":[{"href":"https:\/\/www.casadecampo.com.do\/es\/wp-json\/wp\/v2\/types\/page"}],"author":[{"embeddable":true,"href":"https:\/\/www.casadecampo.com.do\/es\/wp-json\/wp\/v2\/users\/7"}],"replies":[{"embeddable":true,"href":"https:\/\/www.casadecampo.com.do\/es\/wp-json\/wp\/v2\/comments?post=94551"}],"version-history":[{"count":0,"href":"https:\/\/www.casadecampo.com.do\/es\/wp-json\/wp\/v2\/pages\/94551\/revisions"}],"up":[{"embeddable":true,"href":"https:\/\/www.casadecampo.com.do\/es\/wp-json\/wp\/v2\/pages\/94152"}],"wp:attachment":[{"href":"https:\/\/www.casadecampo.com.do\/es\/wp-json\/wp\/v2\/media?parent=94551"}],"curies":[{"name":"wp","href":"https:\/\/api.w.org\/{rel}","templated":true}]}}