{"id":94247,"date":"2025-10-23T13:49:22","date_gmt":"2025-10-23T13:49:22","guid":{"rendered":"https:\/\/casadecampodev.wpenginepowered.com\/informacion-adicional\/politica-de-mascotas\/"},"modified":"2025-11-14T12:32:16","modified_gmt":"2025-11-14T12:32:16","slug":"pet-policy","status":"publish","type":"page","link":"https:\/\/www.casadecampo.com.do\/es\/resources\/pet-policy\/","title":{"rendered":"Pol\u00edtica de Mascotas"},"content":{"rendered":"\n<div class=\"wp-block-group is-style-has-border-bottom has-global-padding is-layout-constrained wp-block-group-is-layout-constrained\" style=\"padding-top:var(--wp--preset--spacing--large)\">\n<div class=\"wp-block-cover alignfull is-light sub-hero-banner small has-primary-color has-text-color has-link-color wp-elements-de100a455860d9dd98ee84c7e2e91336\" style=\"min-height:60vh;aspect-ratio:unset;\"><span aria-hidden=\"true\" class=\"wp-block-cover__background has-background-dim-0 has-background-dim\"><\/span><div class=\"wp-block-cover__inner-container is-layout-flow wp-block-cover-is-layout-flow\">\n<h1 class=\"wp-block-heading has-text-align-center has-primary-color has-text-color has-link-color has-xxx-large-font-size wp-elements-6cf33afc52c45c11fe4d9b9888a9ad81\">Politica de Animales de Servicio y Apoyo<\/h1>\n\n\n<div class=\"yoast-breadcrumbs is-style-centre-justified\"><span><span><a href=\"https:\/\/www.casadecampo.com.do\/es\/\">Inicio<\/a><\/span> <span class=\"separator\"><\/span> <span><a href=\"https:\/\/www.casadecampo.com.do\/es\/resources\/\">Informaci\u00f3n Adicional<\/a><\/span> <span class=\"separator\"><\/span> <span class=\"breadcrumb_last\" aria-current=\"page\">Pol\u00edtica de Mascotas<\/span><\/span><\/div><\/div><\/div>\n<\/div>\n\n<div class=\"wp-block-group centered-intro-text-with-heading-content-cta is-style-default has-global-padding is-layout-constrained wp-container-core-group-is-layout-5da6bf90 wp-block-group-is-layout-constrained\" style=\"padding-top:var(--wp--preset--spacing--large-2);padding-right:0;padding-bottom:var(--wp--preset--spacing--regular);padding-left:0\">\n<div class=\"wp-block-group has-secondary-color has-text-color has-link-color wp-elements-0ef1b41ead56edae05d07c85bf0cc067 has-global-padding is-layout-constrained wp-container-core-group-is-layout-bea02a06 wp-block-group-is-layout-constrained\">\n<h2 class=\"wp-block-heading has-text-align-center has-primary-color has-text-color has-link-color has-x-large-font-size wp-elements-3d87fc0f1f9c2639d693d22e28bbd948\">Pol\u00edtica de Mascotas en Nuestro Resort de Lujo en La Romana<\/h2>\n<\/div>\n<\/div>\n\n<div class=\"wp-block-group alignwide columns-heading-with-text-cta is-style-has-border-bottom has-global-padding is-content-justification-center is-layout-constrained wp-block-group-is-layout-constrained\" style=\"padding-top:var(--wp--preset--spacing--56);padding-bottom:var(--wp--preset--spacing--120)\">\n<div class=\"wp-block-columns alignwide is-layout-flex wp-container-core-columns-is-layout-b987c810 wp-block-columns-is-layout-flex\">\n<div class=\"wp-block-column is-layout-flow wp-block-column-is-layout-flow\" style=\"padding-bottom:var(--wp--preset--spacing--24)\">\n<h2 class=\"wp-block-heading has-f-48-font-size\">En Casa de Campo, Tenemos Una Pol\u00edtica de \u201cNo Mascotas\u201d<\/h2>\n<\/div>\n\n\n\n<div class=\"wp-block-column is-layout-flow wp-block-column-is-layout-flow\">\n<p>Se hacen excepciones caso por caso para los hu\u00e9spedes con necesidades especiales que requieren perros de servicio, que incluyen:<\/p>\n\n\n\n<ul class=\"wp-block-list is-style-bullet-square\">\n<li>Perros gu\u00eda para personas no videntes<\/li>\n\n\n\n<li>Perros alerta para personas sordas<\/li>\n\n\n\n<li>Perros de asistencia para personas con discapacidad<\/li>\n<\/ul>\n<\/div>\n<\/div>\n<\/div>\n\n<div class=\"wp-block-group alignwide columns-heading-with-text-cta is-style-has-border-bottom has-global-padding is-content-justification-center is-layout-constrained wp-block-group-is-layout-constrained\" style=\"padding-top:var(--wp--preset--spacing--56);padding-bottom:var(--wp--preset--spacing--120)\">\n<div class=\"wp-block-columns alignwide is-layout-flex wp-container-core-columns-is-layout-b987c810 wp-block-columns-is-layout-flex\">\n<div class=\"wp-block-column is-layout-flow wp-block-column-is-layout-flow\" style=\"padding-bottom:var(--wp--preset--spacing--24)\">\n<h2 class=\"wp-block-heading has-f-48-font-size\">Pol\u00edtica para Perros de Asistencia Y Compa\u00f1\u00eda<\/h2>\n<\/div>\n\n\n\n<div class=\"wp-block-column is-layout-flow wp-block-column-is-layout-flow\">\n<p>Apreciamos su comprensi\u00f3n siguiendo las pautas de la Pol\u00edtica para perros de asistencia y compa\u00f1\u00eda mientras se encuentre en el resort.<\/p>\n\n\n\n<ul class=\"wp-block-list is-style-bullet-square\">\n<li>Su perro nunca debe dejarse desatendido en su habitaci\u00f3n o en cualquier \u00e1rea p\u00fablica.<\/li>\n\n\n\n<li>Su perro debe mantenerse con correa en todo momento cuando se encuentre en las \u00e1reas p\u00fablicas del hotel y del resort, tanto dentro como fuera.<\/li>\n\n\n\n<li>Usted es responsable de recoger los excrementos de su perro.<\/li>\n\n\n\n<li>Debido a las normas sanitarias, con la excepci\u00f3n de los perros gu\u00eda, no se permiten perros en las siguientes \u00e1reas del hotel:\n<ul style=\"margin-top:var(--wp--preset--spacing--16)\" class=\"wp-block-list is-style-bullet-square\">\n<li>En cualquier lugar donde se sirva comida o bebida<\/li>\n\n\n\n<li>Gimnasio<\/li>\n\n\n\n<li>Playas<\/li>\n\n\n\n<li>Areas de piscina<\/li>\n<\/ul>\n<\/li>\n<\/ul>\n\n\n\n<p>Gracias por elegir <em>Casa de Campo<\/em> Resort &amp; Villas. Para obtener m\u00e1s informaci\u00f3n, comun\u00edquese con nuestro personal de servicio al cliente al <a href=\"tel:8558773643\" target=\"_blank\" rel=\"noreferrer noopener\">855-877-3643<\/a>. <\/p>\n<\/div>\n<\/div>\n<\/div>\n","protected":false},"excerpt":{"rendered":"<p>Pol\u00edtica de Mascotas en Nuestro Resort de Lujo en La Romana En Casa de Campo, Tenemos Una Pol\u00edtica de \u201cNo Mascotas\u201d Se hacen excepciones caso por caso para los hu\u00e9spedes con necesidades especiales que requieren perros de servicio, que incluyen: Pol\u00edtica para Perros de Asistencia Y Compa\u00f1\u00eda Apreciamos su comprensi\u00f3n siguiendo las pautas de la [&hellip;]<\/p>\n","protected":false},"author":8,"featured_media":0,"parent":94220,"menu_order":0,"comment_status":"closed","ping_status":"closed","template":"","meta":{"_acf_changed":false,"footnotes":""},"class_list":["post-94247","page","type-page","status-publish","hentry"],"acf":[],"yoast_head":"<!-- This site is optimized with the Yoast SEO plugin v27.2 - https:\/\/yoast.com\/product\/yoast-seo-wordpress\/ -->\n<title>Pol\u00edtica de Mascotas | Casa de Campo<\/title>\n<meta name=\"description\" content=\"Tenemos una pol\u00edtica de &quot;No mascotas&quot; en Casa de Campo. Se hacen excepciones para los hu\u00e9spedes que requieren perros de servicio.\" \/>\n<meta name=\"robots\" content=\"index, follow, max-snippet:-1, max-image-preview:large, max-video-preview:-1\" \/>\n<link rel=\"canonical\" href=\"https:\/\/www.casadecampo.com.do\/es\/resources\/pet-policy\/\" \/>\n<meta property=\"og:locale\" content=\"es_ES\" \/>\n<meta property=\"og:type\" content=\"article\" \/>\n<meta property=\"og:title\" content=\"Pol\u00edtica de Mascotas | Casa de Campo\" \/>\n<meta property=\"og:description\" content=\"Tenemos una pol\u00edtica de &quot;No mascotas&quot; en Casa de Campo. Se hacen excepciones para los hu\u00e9spedes que requieren perros de servicio.\" \/>\n<meta property=\"og:url\" content=\"https:\/\/www.casadecampo.com.do\/es\/resources\/pet-policy\/\" \/>\n<meta property=\"og:site_name\" content=\"Casa de Campo\" \/>\n<meta property=\"article:modified_time\" content=\"2025-11-14T12:32:16+00:00\" \/>\n<meta name=\"twitter:card\" content=\"summary_large_image\" \/>\n<meta name=\"twitter:label1\" content=\"Tiempo de lectura\" \/>\n\t<meta name=\"twitter:data1\" content=\"1 minuto\" \/>\n<!-- \/ Yoast SEO plugin. -->","yoast_head_json":{"title":"Pol\u00edtica de Mascotas | Casa de Campo","description":"Tenemos una pol\u00edtica de \"No mascotas\" en Casa de Campo. Se hacen excepciones para los hu\u00e9spedes que requieren perros de servicio.","robots":{"index":"index","follow":"follow","max-snippet":"max-snippet:-1","max-image-preview":"max-image-preview:large","max-video-preview":"max-video-preview:-1"},"canonical":"https:\/\/www.casadecampo.com.do\/es\/resources\/pet-policy\/","og_locale":"es_ES","og_type":"article","og_title":"Pol\u00edtica de Mascotas | Casa de Campo","og_description":"Tenemos una pol\u00edtica de \"No mascotas\" en Casa de Campo. Se hacen excepciones para los hu\u00e9spedes que requieren perros de servicio.","og_url":"https:\/\/www.casadecampo.com.do\/es\/resources\/pet-policy\/","og_site_name":"Casa de Campo","article_modified_time":"2025-11-14T12:32:16+00:00","twitter_card":"summary_large_image","twitter_misc":{"Tiempo de lectura":"1 minuto"},"schema":{"@context":"https:\/\/schema.org","@graph":[{"@type":"WebPage","@id":"https:\/\/www.casadecampo.com.do\/es\/resources\/pet-policy\/","url":"https:\/\/www.casadecampo.com.do\/es\/resources\/pet-policy\/","name":"Pol\u00edtica de Mascotas | Casa de Campo","isPartOf":{"@id":"https:\/\/www.casadecampo.com.do\/es\/#website"},"datePublished":"2025-10-23T13:49:22+00:00","dateModified":"2025-11-14T12:32:16+00:00","description":"Tenemos una pol\u00edtica de \"No mascotas\" en Casa de Campo. Se hacen excepciones para los hu\u00e9spedes que requieren perros de servicio.","breadcrumb":{"@id":"https:\/\/www.casadecampo.com.do\/es\/resources\/pet-policy\/#breadcrumb"},"inLanguage":"es","potentialAction":[{"@type":"ReadAction","target":["https:\/\/www.casadecampo.com.do\/es\/resources\/pet-policy\/"]}]},{"@type":"BreadcrumbList","@id":"https:\/\/www.casadecampo.com.do\/es\/resources\/pet-policy\/#breadcrumb","itemListElement":[{"@type":"ListItem","position":1,"name":"Inicio","item":"https:\/\/www.casadecampo.com.do\/es\/"},{"@type":"ListItem","position":2,"name":"Informaci\u00f3n Adicional","item":"https:\/\/www.casadecampo.com.do\/es\/resources\/"},{"@type":"ListItem","position":3,"name":"Pol\u00edtica de Mascotas"}]},{"@type":"WebSite","@id":"https:\/\/www.casadecampo.com.do\/es\/#website","url":"https:\/\/www.casadecampo.com.do\/es\/","name":"Casa de Campo","description":"The most exclusive resort in the Caribbean","publisher":{"@id":"https:\/\/www.casadecampo.com.do\/es\/#organization"},"potentialAction":[{"@type":"SearchAction","target":{"@type":"EntryPoint","urlTemplate":"https:\/\/www.casadecampo.com.do\/es\/?s={search_term_string}"},"query-input":{"@type":"PropertyValueSpecification","valueRequired":true,"valueName":"search_term_string"}}],"inLanguage":"es"},{"@type":"Organization","@id":"https:\/\/www.casadecampo.com.do\/es\/#organization","name":"Casa de Campo Resort & Villas","url":"https:\/\/www.casadecampo.com.do\/es\/","logo":{"@type":"ImageObject","inLanguage":"es","@id":"https:\/\/www.casadecampo.com.do\/es\/#\/schema\/logo\/image\/","url":"https:\/\/www.casadecampo.com.do\/wp-content\/uploads\/2025\/09\/cdc-favicon.png","contentUrl":"https:\/\/www.casadecampo.com.do\/wp-content\/uploads\/2025\/09\/cdc-favicon.png","width":1024,"height":1009,"caption":"Casa de Campo Resort & Villas"},"image":{"@id":"https:\/\/www.casadecampo.com.do\/es\/#\/schema\/logo\/image\/"}}]}},"_links":{"self":[{"href":"https:\/\/www.casadecampo.com.do\/es\/wp-json\/wp\/v2\/pages\/94247","targetHints":{"allow":["GET"]}}],"collection":[{"href":"https:\/\/www.casadecampo.com.do\/es\/wp-json\/wp\/v2\/pages"}],"about":[{"href":"https:\/\/www.casadecampo.com.do\/es\/wp-json\/wp\/v2\/types\/page"}],"author":[{"embeddable":true,"href":"https:\/\/www.casadecampo.com.do\/es\/wp-json\/wp\/v2\/users\/8"}],"replies":[{"embeddable":true,"href":"https:\/\/www.casadecampo.com.do\/es\/wp-json\/wp\/v2\/comments?post=94247"}],"version-history":[{"count":0,"href":"https:\/\/www.casadecampo.com.do\/es\/wp-json\/wp\/v2\/pages\/94247\/revisions"}],"up":[{"embeddable":true,"href":"https:\/\/www.casadecampo.com.do\/es\/wp-json\/wp\/v2\/pages\/94220"}],"wp:attachment":[{"href":"https:\/\/www.casadecampo.com.do\/es\/wp-json\/wp\/v2\/media?parent=94247"}],"curies":[{"name":"wp","href":"https:\/\/api.w.org\/{rel}","templated":true}]}}