{"id":93967,"date":"2025-07-14T09:31:11","date_gmt":"2025-07-14T13:31:11","guid":{"rendered":"https:\/\/casadecampodev.wpenginepowered.com\/mapa-del-resort\/"},"modified":"2026-02-03T13:41:56","modified_gmt":"2026-02-03T17:41:56","slug":"resort-map","status":"publish","type":"page","link":"https:\/\/www.casadecampo.com.do\/es\/resources\/resort-map\/","title":{"rendered":"Mapa Del Resort"},"content":{"rendered":"\n<div class=\"wp-block-cover alignfull is-light sub-hero-banner small has-primary-color has-text-color has-link-color wp-elements-9ab157f95cbaa516027eb2df57873f5c\" style=\"min-height:60vh;aspect-ratio:unset;\"><span aria-hidden=\"true\" class=\"wp-block-cover__background has-background-dim-0 has-background-dim\"><\/span><div class=\"wp-block-cover__inner-container is-layout-flow wp-block-cover-is-layout-flow\">\n<h1 class=\"wp-block-heading has-text-align-center has-primary-color has-text-color has-link-color has-xxx-large-font-size wp-elements-9908a25fa64659952f27bbcf1951194b\">Mapa Del Resort<\/h1>\n\n\n<div class=\"yoast-breadcrumbs is-style-centre-justified\"><span><span><a href=\"https:\/\/www.casadecampo.com.do\/es\/\">Inicio<\/a><\/span> <span class=\"separator\"><\/span> <span><a href=\"https:\/\/www.casadecampo.com.do\/es\/resources\/\">Informaci\u00f3n Adicional<\/a><\/span> <span class=\"separator\"><\/span> <span class=\"breadcrumb_last\" aria-current=\"page\">Mapa Del Resort<\/span><\/span><\/div><\/div><\/div>\n\n\n\n<div class=\"wp-block-group alignfull group-resort-map is-style-has-border-bottom has-global-padding is-layout-constrained wp-container-core-group-is-layout-b94a8ae6 wp-block-group-is-layout-constrained\" style=\"padding-top:var(--wp--preset--spacing--0);padding-right:0;padding-bottom:var(--wp--preset--spacing--0);padding-left:0\">\n  <section id=\"map-tab-block_972661090eee46e90ba3857850987e34\" class=\"map-tab\">\n    <div class=\"map-container\">\n\n      <div class=\"map-wrapper\">\n        <div class=\"tab-group\">\n                                                <button class=\"tab-item active\" data-tab=\"map-0\">\n                Mapa del resort              <\/button>\n                                                            <button class=\"tab-item\" data-tab=\"map-1\">\n                Mapa del hotel              <\/button>\n                              <\/div>\n\n                                    <div class=\"map-tab-content map-image-content active\" id=\"map-0\"  style=\"aspect-ratio: 2560 \/ 1716;\">\n            <div class=\"map-image\" data-horizontal-scroll=\"10\">\n              <img loading=\"lazy\" decoding=\"async\" class=\"map-image__image\" src=\"https:\/\/www.casadecampo.com.do\/wp-content\/smush-webp\/2026\/01\/Resort-Map-3-scaled.jpg.webp\" alt=\"Aerial map of Casa de Campo Resort\" width=\"2560\" height=\"1716\" style=\"aspect-ratio: 2560 \/ 1716;\">            <\/div>\n          <\/div>\n                            <div class=\"map-tab-content map-image-content\" id=\"map-1\"  style=\"aspect-ratio: 2560 \/ 1716;\">\n            <div class=\"map-image\" data-horizontal-scroll=\"25\">\n              <img loading=\"lazy\" decoding=\"async\" class=\"map-image__image\" src=\"https:\/\/www.casadecampo.com.do\/wp-content\/smush-webp\/2026\/01\/Hotel-Map-scaled.jpg.webp\" alt=\"Aerial map of the main hotel area -- Casa de Campo Resort\" width=\"2560\" height=\"1716\" style=\"aspect-ratio: 2560 \/ 1716;\">            <\/div>\n          <\/div>\n        \n      <\/div>\n\n                    <div class=\"map-tab-content map-location-content active\" id=\"map-0-list\">\n                      <ol class=\"location-list\">\n                                              <li>\n                  <span class=\"location-number\">1<\/span>\n                  <span class=\"location-text\">Area central del resort<\/span>\n                <\/li>\n                                              <li>\n                  <span class=\"location-number\">2<\/span>\n                  <span class=\"location-text\">El Spa<\/span>\n                <\/li>\n                                              <li>\n                  <span class=\"location-number\">3<\/span>\n                  <span class=\"location-text\">Campo de pr\u00e1ctica y Centro de Aprendizaje de Golf<\/span>\n                <\/li>\n                                              <li>\n                  <span class=\"location-number\">4<\/span>\n                  <span class=\"location-text\">Teeth of the Dog\u00ae<\/span>\n                <\/li>\n                                              <li>\n                  <span class=\"location-number\">5<\/span>\n                  <span class=\"location-text\">Campos de polo<\/span>\n                <\/li>\n                                              <li>\n                  <span class=\"location-number\">6<\/span>\n                  <span class=\"location-text\">Villas de Casa de Campo<\/span>\n                <\/li>\n                                              <li>\n                  <span class=\"location-number\">7<\/span>\n                  <span class=\"location-text\">Centro Ecuestre y Dude ranch<\/span>\n                <\/li>\n                                              <li>\n                  <span class=\"location-number\">8<\/span>\n                  <span class=\"location-text\">Altos de Chav\u00f3n<\/span>\n                <\/li>\n                                              <li>\n                  <span class=\"location-number\">9<\/span>\n                  <span class=\"location-text\">Dye Fore<\/span>\n                <\/li>\n                                              <li>\n                  <span class=\"location-number\">10<\/span>\n                  <span class=\"location-text\">La Marina<\/span>\n                <\/li>\n                                              <li>\n                  <span class=\"location-number\">11<\/span>\n                  <span class=\"location-text\">Centro de Tiro<\/span>\n                <\/li>\n                                              <li>\n                  <span class=\"location-number\">12<\/span>\n                  <span class=\"location-text\">Minitas Beach Club<\/span>\n                <\/li>\n                          <\/ol>\n                  <\/div>\n              <div class=\"map-tab-content map-location-content\" id=\"map-1-list\">\n                      <ol class=\"location-list\">\n                                              <li>\n                  <span class=\"location-number\">1<\/span>\n                  <span class=\"location-text\">Area central del resort<\/span>\n                <\/li>\n                                              <li>\n                  <span class=\"location-number\">2<\/span>\n                  <span class=\"location-text\">El Spa<\/span>\n                <\/li>\n                                              <li>\n                  <span class=\"location-number\">3<\/span>\n                  <span class=\"location-text\">Campo de pr\u00e1ctica y Centro de Aprendizaje de Golf<\/span>\n                <\/li>\n                                              <li>\n                  <span class=\"location-number\">4<\/span>\n                  <span class=\"location-text\">Teeth of the Dog\u00ae<\/span>\n                <\/li>\n                                              <li>\n                  <span class=\"location-number\">5<\/span>\n                  <span class=\"location-text\">Campos de polo<\/span>\n                <\/li>\n                                              <li>\n                  <span class=\"location-number\">6<\/span>\n                  <span class=\"location-text\">Villas de Casa de Campo<\/span>\n                <\/li>\n                                              <li>\n                  <span class=\"location-number\">7<\/span>\n                  <span class=\"location-text\">Centro Ecuestre y Dude ranch<\/span>\n                <\/li>\n                          <\/ol>\n                  <\/div>\n      \n    <\/div>\n  <\/section>\n<\/div>\n\n\n\n<div class=\"wp-block-buttons is-style-default is-horizontal is-content-justification-center is-layout-flex wp-container-core-buttons-is-layout-1c5f6583 wp-block-buttons-is-layout-flex\" style=\"padding-top:var(--wp--preset--spacing--regular);padding-bottom:var(--wp--preset--spacing--regular)\">\n<div class=\"wp-block-button is-style-primary\"><a class=\"wp-block-button__link wp-element-button\" href=\"https:\/\/www.casadecampo.com.do\/wp-content\/uploads\/2025\/04\/Casa_de_Campo_Map_-2024.pdf\" style=\"text-transform:capitalize\" target=\"_blank\" rel=\"noreferrer noopener\">Descargar mapa del resort<\/a><\/div>\n<\/div>\n\n\n\n<div class=\"wp-block-group columns-two-columns-left-text-accordion is-style-default has-global-padding is-layout-constrained wp-container-core-group-is-layout-e1924c0c wp-block-group-is-layout-constrained\" style=\"margin-top:0;margin-bottom:0;padding-top:var(--wp--preset--spacing--54);padding-right:0;padding-bottom:var(--wp--preset--spacing--large-3);padding-left:0\">\n<div class=\"wp-block-columns is-style-default is-layout-flex wp-container-core-columns-is-layout-2428985e wp-block-columns-is-layout-flex\" style=\"margin-top:0;margin-bottom:0\">\n<div class=\"wp-block-column is-layout-flow wp-block-column-is-layout-flow\">\n<h2 class=\"wp-block-heading has-x-large-font-size\">Contacto<\/h2>\n<\/div>\n\n\n\n<div class=\"wp-block-column is-vertically-aligned-center is-layout-flow wp-block-column-is-layout-flow\">\n<div class=\"wp-block-group accordion has-global-padding is-layout-constrained wp-block-group-is-layout-constrained\">\n<details class=\"wp-block-details has-primary-color has-text-color has-link-color has-crimson-text-font-family has-large-font-size wp-elements-27337608af59e986b0df666024d7a11c is-layout-flow wp-block-details-is-layout-flow\" style=\"margin-bottom:var(--wp--preset--spacing--16)\"><summary>Estad\u00edas<\/summary>\n<p class=\"has-secondary-color has-text-color has-link-color has-arial-font-family has-body-font-size wp-elements-fd4801224381dc82892e759b185162dd\"><strong>N\u00famero De Hotel Principal<br><\/strong>Dominican Republic: <a href=\"Tel:%208095233333\">809.523.3333 <\/a>\/ <a href=\"Tel:%2018092001304\">1.809.200.1304<\/a><br><br><strong>Reservas De Hoteles<br><\/strong>US: <a href=\"Tel:%2018008773643\">1.800.877.3643<\/a><br>UK: <a href=\"Tel:%2008000488730\">0800.048 8730<\/a><br>Spain: <a href=\"Tel:%204900838667\">490 083.8667<\/a><br>Argentina: <a href=\"Tel:%208003457966\">800 345.7966<\/a><br><br><strong>Reservas De Paquetes De Vuelo Y Hotel<br><\/strong>US: <a href=\"Tel:%2018668605472\">1.866 860 5472<\/a><br>UK:<a href=\"Tel:%2001245207592\"> 01245 207592<\/a><br><br><strong>Planificador De Vacaciones Y Conserje<br><\/strong>Planificador de Vacaciones:<br>Rep\u00fablica Dominicana: <a href=\"Tel:%2018092001304\">1.809.200.1304<\/a><br>US: <a href=\"Tel:%208558773643\">855.877.3643<\/a><br><br><strong>Conserje de la villa<\/strong><br>Rep\u00fablica Dominicana: <a href=\"http:\/\/Tel%20:8558773643\">809.523.8364<\/a><br>US: <a href=\"Tel:%207866938374\">786.693.8374<\/a><br><br><strong>Club De Propietarios De Villas<br><\/strong>Oficina Principal:<a href=\"Tel:%208095232079\"> 809.523.2079<\/a><br>Oficina de la Entrada Principal: <a href=\"Tel:%208095232161\">809.523.2161<\/a><br>Bienes Ra\u00edces <a href=\"Tel:%208095232273\">809.523.2273<\/a><\/p>\n<\/details>\n\n\n\n<details class=\"wp-block-details has-primary-color has-text-color has-link-color has-crimson-text-font-family has-large-font-size wp-elements-e6042b877adb69ccedd87787b9bd50f9 is-layout-flow wp-block-details-is-layout-flow\" style=\"margin-bottom:var(--wp--preset--spacing--16)\"><summary>Golf<\/summary>\n<p class=\"has-arial-font-family has-body-font-size\"><strong>Oficina Principal de Golf<\/strong><br><a href=\"Tel:%208095238115\">809.523.8115<\/a><br><strong><br>Tienda Pro de Golf<\/strong><br><a href=\"Tel:%208095233418\">809.523.3418<\/a><\/p>\n<\/details>\n\n\n\n<details class=\"wp-block-details has-primary-color has-text-color has-link-color has-crimson-text-font-family has-large-font-size wp-elements-ef5c4ffcf3ceb1e8d2168ca487717926 is-layout-flow wp-block-details-is-layout-flow\" style=\"margin-bottom:var(--wp--preset--spacing--16)\"><summary>Encuentros<\/summary>\n<p class=\"has-arial-font-family has-body-font-size\"><strong>Grupos Y Reuniones<br><\/strong>US\/Canada: <a href=\"Tel:%203058567083\">305.856.7083 <\/a>\/ <a href=\"Tel:%208003365520\">800.336.5520<br><\/a>Rep\u00fablica Dominicana: <a href=\"Tel:%201809523.8171\">1.809.523.8171<\/a><br><br><strong>Bodas Y Celebraciones<br><\/strong>L\u00ednea telef\u00f3nica gratuita: <a href=\"Tel:%207868668031\">786.866.8031<\/a><br>Fuera de los Estados Unidos: <a href=\"Tel:%208095238171\">809.523.8171<\/a><\/p>\n<\/details>\n\n\n\n<details class=\"wp-block-details has-primary-color has-text-color has-link-color has-crimson-text-font-family has-large-font-size wp-elements-64ccaa98753e353b49502a875275cffb is-layout-flow wp-block-details-is-layout-flow\" style=\"margin-bottom:var(--wp--preset--spacing--16)\"><summary>Experiencia<\/summary>\n<p class=\"has-arial-font-family has-body-font-size\"><strong>Oficina de la Marina<br><\/strong><a href=\"Tel:%208095232306\">809.523.2306<br><\/a><br><strong>Venta De Entradas<br><\/strong><a href=\"Tel:%208095232080\">809.523.2080<\/a><br><br><strong>Deportes Acu\u00e1ticos<br><\/strong><a href=\"Tel:%208095233165\">809.523.3165<\/a><br><br><strong>Centro De Tiro<br><\/strong><a href=\"Tel:%208095238490\">809.523.8490<\/a><br><br><strong>Gimnasio y Fisioterapia<br><\/strong><a href=\"Tel:%208095235185\">809.523.5185<\/a><br><br><strong>Programa Familiar<\/strong><br><a href=\"Tel:%208095232522\">809.523.2522<\/a><br><br><strong>Centro Ecuestre<br><\/strong><a href=\"Tel:%208095238951\">809.523.8951<br><\/a><br><strong>Centro de Tenis \u2013 Tienda Pro de Tenis<\/strong><br><a href=\"Tel:%208095235940\">809.523.5940<\/a><br><br><strong>Altos de Chav\u00f3n Oficina principal<br><\/strong><a href=\"Tel:%208095233318\">809.523.3318<br><\/a><br><strong>Anfiteatro<\/strong><br><a href=\"Tel:%208095232097\">809.523.2097<\/a><\/p>\n<\/details>\n\n\n\n<details class=\"wp-block-details has-primary-color has-text-color has-link-color has-crimson-text-font-family has-large-font-size wp-elements-34a19ea0089537a1fc478f42df34ffe5 is-layout-flow wp-block-details-is-layout-flow\" style=\"margin-bottom:var(--wp--preset--spacing--16)\"><summary>Rejuvenecer<\/summary>\n<p class=\"has-arial-font-family has-body-font-size\"><a href=\"Tel:%208095232600\"> The Spa<br>809.523.2600<\/a><\/p>\n<\/details>\n<\/div>\n<\/div>\n<\/div>\n<\/div>\n\n\n\n<div class=\"wp-block-group is-style-has-border-bottom has-global-padding is-layout-constrained wp-block-group-is-layout-constrained\" style=\"border-top-style:none;border-top-width:0px;border-right-style:none;border-right-width:0px;border-bottom-color:var(--wp--preset--color--quinary);border-bottom-style:none;border-bottom-width:0px;border-left-style:none;border-left-width:0px;padding-top:var(--wp--preset--spacing--120);padding-bottom:var(--wp--preset--spacing--120)\">\n<h2 class=\"wp-block-heading has-text-align-center has-large-font-size\" style=\"margin-top:0;margin-bottom:var(--wp--preset--spacing--8)\">Suscr\u00edbase para recibir nuestras \u00faltimas ofertas y novedades.<\/h2>\n\n\n\n<p class=\"has-text-align-center has-black-color has-text-color has-link-color wp-elements-8ca39bb3a5bfd7a6c061635896175448\" style=\"margin-top:0;margin-bottom:0\">No se pierda lo que est\u00e1 por venir. Respetamos su privacidad. <\/p>\n\n\n\n<!-- SIGN-UP FORM -->\n<script type=\"text\/javascript\" src=\"\/\/contact-api.inguest.com\/bundles\/revinatecontactapi\/js\/revinate-form.js?v=1\"><\/script>\n<div class=\"email-signup\">\n  <div class=\"subscription-form-wrapper\">\n    <div class=\"subscription-form-message\"><\/div>\n    <form id=\"revinate_contact_api_form\" class=\"subscription-form\" onsubmit=\"handleRevFormSubmit()\">\n      <div class=\"form-group\">\n        <div class=\"subscription-form-field\">\n          <input name=\"email\" type=\"email\" aria-label=\"Email\" class=\"large form-control\" tabindex=\"49\" placeholder=\"Correo Electr\u00f3nico\" autocomplete=\"off\" required=\"\"\/>\n        <\/div>\n        <div class=\"subscription-form-submit\">\n          <button type=\"submit\" class=\"btn btn-primary btn-primary-with-arrow\" tabindex=\"50\">Suscr\u00edbase al bolet\u00edn<\/button>\n        <\/div>\n      <\/div>\n      <div class=\"subscription-form-checkbox\">\n        <label for=\"email-sign-up-terms\">\n          <input type=\"checkbox\" name=\"email-sign-up-terms\" id=\"email-sign-up-terms\" required=\"\"\/>\n          <span>Al registrarse, acepta nuestros <a href=\"#\">T\u00e9rminos de servicio<\/a> y <a href=\"#\">Pol\u00edtica de privacidad<\/a>.<\/span>\n        <\/label>\n      <\/div>\n    <\/form>\n  <\/div>\n<\/div>\n<script>\n  const currentLanguage = document.documentElement.lang.substring(0, 2);\n  const reinvateForm = document.querySelector(\".subscription-form\");\n  const reinvateFormInput = document.querySelector(\n    \".subscription-form-field input[type='email']\"\n  );\n  const reinvateFormSubmit = document.querySelector(\n    \".subscription-form-submit button[type='submit']\"\n  );\n  const reinvateFormMessage = document.querySelector(\n    \".subscription-form-message\"\n  );\n  const reinvateConfig = {\n    en: {\n      token: \"376ff420-b4b0-41b2-ab17-3b5b5f3ebaf3\",\n      content: {\n        successMessage: {\n          title: \"Thank you for subscribing!\",\n          body: \"We will be in touch soon.\",\n        },\n        failedMessage: {\n          title: \"Submission failed.\",\n          body: \"Please try again.\",\n        },\n        submitButton: \"Sign Up\",\n        input: {\n          label: \"Email\",\n          placeholder: \"Your email address...\",\n        },\n      },\n    },\n    es: {\n      token: \"82751c63-cff9-47fb-9a21-e554c02dacdb\",\n      content: {\n        successMessage: {\n          title: \"\u00a1Gracias por suscribirse!\",\n          body: \"Estaremos en contacto pronto.\",\n        },\n        failedMessage: {\n          title: \"Algo sali\u00f3 mal.\",\n          body: \"Por favor int\u00e9ntelo de nuevo.\",\n        },\n        submitButton: \"Suscr\u00edbase al bolet\u00edn\",\n        input: {\n          label: \"Correo electr\u00f3nico\",\n          placeholder: \"Correo electr\u00f3nico...\",\n        },\n      },\n    },\n  };\n  reinvateForm.setAttribute(\"token\", reinvateConfig[currentLanguage].token);\n  reinvateFormInput.setAttribute(\n    \"aria-label\",\n    reinvateConfig[currentLanguage].content.input.label\n  );\n  reinvateFormInput.setAttribute(\n    \"placeholder\",\n    reinvateConfig[currentLanguage].content.input.placeholder\n  );\n  reinvateFormSubmit.innerHTML =\n    reinvateConfig[currentLanguage].content.submitButton;\n  function handleRevFormSubmit() {\n    event.preventDefault();\n    reinvateFormMessage.style.display = \"none\";\n    revFormOnSubmit();\n    const checkSubmissionInterval = setInterval(() => {\n      if (reinvateFormSubmit.textContent.toLowerCase() === \"submitted\") {\n        reinvateForm.style.display = \"none\";\n        reinvateFormMessage.innerHTML = `\n              <h5>${reinvateConfig[currentLanguage].content.successMessage.title}\n              <p>${reinvateConfig[currentLanguage].content.successMessage.body}\n            `;\n        reinvateFormMessage.style.display = \"block\";\n        clearInterval(checkSubmissionInterval);\n      }\n      if (reinvateFormSubmit.textContent.toLowerCase() === \"failed\") {\n        reinvateFormMessage.innerHTML = `\n              <h5>${reinvateConfig[currentLanguage].content.failedMessage.title}\n              <p>${reinvateConfig[currentLanguage].content.failedMessage.body}\n            `;\n        reinvateFormMessage.style.display = \"block\";\n        reinvateFormSubmit.innerHTML = \"Subscribed to Newsletter\";\n        clearInterval(checkSubmissionInterval);\n      }\n    }, 100);\n  }\n  function getCookie(name) {\n    const value = `; ${document.cookie}`;\n    const parts = value.split(`; ${name}=`);\n    if (parts.length === 2) return parts.pop().split(\";\").shift();\n  }\n<\/script>\n<!-- END SIGN-UP FORM -->\n\n\n\n<p class=\"has-text-align-center has-septenary-color has-text-color has-link-color has-body-extra-small-font-size wp-elements-ba32fa1c311b6887847519adb7290abf\" style=\"margin-top:var(--wp--preset--spacing--32)\">Puede darse de baja en cualquier momento.<\/p>\n<\/div>\n","protected":false},"excerpt":{"rendered":"<p>Contacto Suscr\u00edbase para recibir nuestras \u00faltimas ofertas y novedades. No se pierda lo que est\u00e1 por venir. Respetamos su privacidad. Suscr\u00edbase al bolet\u00edn Al registrarse, acepta nuestros T\u00e9rminos de servicio y Pol\u00edtica de privacidad. Puede darse de baja en cualquier momento.<\/p>\n","protected":false},"author":8,"featured_media":0,"parent":94220,"menu_order":0,"comment_status":"closed","ping_status":"closed","template":"","meta":{"_acf_changed":false,"footnotes":""},"class_list":["post-93967","page","type-page","status-publish","hentry"],"acf":[],"yoast_head":"<!-- This site is optimized with the Yoast SEO plugin v27.2 - https:\/\/yoast.com\/product\/yoast-seo-wordpress\/ -->\n<title>Mapa Del Resort | Casa de Campo<\/title>\n<meta name=\"description\" content=\"Use nuestro mapa del resort para navegar por Casa de Campo Resort &amp; Villas.\" \/>\n<meta name=\"robots\" content=\"index, follow, max-snippet:-1, max-image-preview:large, max-video-preview:-1\" \/>\n<link rel=\"canonical\" href=\"https:\/\/www.casadecampo.com.do\/es\/resources\/resort-map\/\" \/>\n<meta property=\"og:locale\" content=\"es_ES\" \/>\n<meta property=\"og:type\" content=\"article\" \/>\n<meta property=\"og:title\" content=\"Mapa Del Resort | Casa de Campo\" \/>\n<meta property=\"og:description\" content=\"Use nuestro mapa del resort para navegar por Casa de Campo Resort &amp; Villas.\" \/>\n<meta property=\"og:url\" content=\"https:\/\/www.casadecampo.com.do\/es\/resources\/resort-map\/\" \/>\n<meta property=\"og:site_name\" content=\"Casa de Campo\" \/>\n<meta property=\"article:modified_time\" content=\"2026-02-03T17:41:56+00:00\" \/>\n<meta name=\"twitter:card\" content=\"summary_large_image\" \/>\n<meta name=\"twitter:label1\" content=\"Tiempo de lectura\" \/>\n\t<meta name=\"twitter:data1\" content=\"1 minuto\" \/>\n<!-- \/ Yoast SEO plugin. -->","yoast_head_json":{"title":"Mapa Del Resort | Casa de Campo","description":"Use nuestro mapa del resort para navegar por Casa de Campo Resort & Villas.","robots":{"index":"index","follow":"follow","max-snippet":"max-snippet:-1","max-image-preview":"max-image-preview:large","max-video-preview":"max-video-preview:-1"},"canonical":"https:\/\/www.casadecampo.com.do\/es\/resources\/resort-map\/","og_locale":"es_ES","og_type":"article","og_title":"Mapa Del Resort | Casa de Campo","og_description":"Use nuestro mapa del resort para navegar por Casa de Campo Resort & Villas.","og_url":"https:\/\/www.casadecampo.com.do\/es\/resources\/resort-map\/","og_site_name":"Casa de Campo","article_modified_time":"2026-02-03T17:41:56+00:00","twitter_card":"summary_large_image","twitter_misc":{"Tiempo de lectura":"1 minuto"},"schema":{"@context":"https:\/\/schema.org","@graph":[{"@type":"WebPage","@id":"https:\/\/www.casadecampo.com.do\/es\/resources\/resort-map\/","url":"https:\/\/www.casadecampo.com.do\/es\/resources\/resort-map\/","name":"Mapa Del Resort | Casa de Campo","isPartOf":{"@id":"https:\/\/www.casadecampo.com.do\/es\/#website"},"datePublished":"2025-07-14T13:31:11+00:00","dateModified":"2026-02-03T17:41:56+00:00","description":"Use nuestro mapa del resort para navegar por Casa de Campo Resort & Villas.","breadcrumb":{"@id":"https:\/\/www.casadecampo.com.do\/es\/resources\/resort-map\/#breadcrumb"},"inLanguage":"es","potentialAction":[{"@type":"ReadAction","target":["https:\/\/www.casadecampo.com.do\/es\/resources\/resort-map\/"]}]},{"@type":"BreadcrumbList","@id":"https:\/\/www.casadecampo.com.do\/es\/resources\/resort-map\/#breadcrumb","itemListElement":[{"@type":"ListItem","position":1,"name":"Inicio","item":"https:\/\/www.casadecampo.com.do\/es\/"},{"@type":"ListItem","position":2,"name":"Informaci\u00f3n Adicional","item":"https:\/\/www.casadecampo.com.do\/es\/resources\/"},{"@type":"ListItem","position":3,"name":"Mapa Del Resort"}]},{"@type":"WebSite","@id":"https:\/\/www.casadecampo.com.do\/es\/#website","url":"https:\/\/www.casadecampo.com.do\/es\/","name":"Casa de Campo","description":"The most exclusive resort in the Caribbean","publisher":{"@id":"https:\/\/www.casadecampo.com.do\/es\/#organization"},"potentialAction":[{"@type":"SearchAction","target":{"@type":"EntryPoint","urlTemplate":"https:\/\/www.casadecampo.com.do\/es\/?s={search_term_string}"},"query-input":{"@type":"PropertyValueSpecification","valueRequired":true,"valueName":"search_term_string"}}],"inLanguage":"es"},{"@type":"Organization","@id":"https:\/\/www.casadecampo.com.do\/es\/#organization","name":"Casa de Campo Resort & Villas","url":"https:\/\/www.casadecampo.com.do\/es\/","logo":{"@type":"ImageObject","inLanguage":"es","@id":"https:\/\/www.casadecampo.com.do\/es\/#\/schema\/logo\/image\/","url":"https:\/\/www.casadecampo.com.do\/wp-content\/uploads\/2025\/09\/cdc-favicon.png","contentUrl":"https:\/\/www.casadecampo.com.do\/wp-content\/uploads\/2025\/09\/cdc-favicon.png","width":1024,"height":1009,"caption":"Casa de Campo Resort & Villas"},"image":{"@id":"https:\/\/www.casadecampo.com.do\/es\/#\/schema\/logo\/image\/"}}]}},"_links":{"self":[{"href":"https:\/\/www.casadecampo.com.do\/es\/wp-json\/wp\/v2\/pages\/93967","targetHints":{"allow":["GET"]}}],"collection":[{"href":"https:\/\/www.casadecampo.com.do\/es\/wp-json\/wp\/v2\/pages"}],"about":[{"href":"https:\/\/www.casadecampo.com.do\/es\/wp-json\/wp\/v2\/types\/page"}],"author":[{"embeddable":true,"href":"https:\/\/www.casadecampo.com.do\/es\/wp-json\/wp\/v2\/users\/8"}],"replies":[{"embeddable":true,"href":"https:\/\/www.casadecampo.com.do\/es\/wp-json\/wp\/v2\/comments?post=93967"}],"version-history":[{"count":0,"href":"https:\/\/www.casadecampo.com.do\/es\/wp-json\/wp\/v2\/pages\/93967\/revisions"}],"up":[{"embeddable":true,"href":"https:\/\/www.casadecampo.com.do\/es\/wp-json\/wp\/v2\/pages\/94220"}],"wp:attachment":[{"href":"https:\/\/www.casadecampo.com.do\/es\/wp-json\/wp\/v2\/media?parent=93967"}],"curies":[{"name":"wp","href":"https:\/\/api.w.org\/{rel}","templated":true}]}}